{"id":610,"date":"2024-07-03T15:49:10","date_gmt":"2024-07-03T18:49:10","guid":{"rendered":"https:\/\/anbbe.com.br\/?page_id=610"},"modified":"2024-07-03T15:49:11","modified_gmt":"2024-07-03T18:49:11","slug":"institutional","status":"publish","type":"page","link":"https:\/\/anbbe.com.br\/en\/institutional\/","title":{"rendered":"Institutional"},"content":{"rendered":"<div data-elementor-type=\"wp-page\" data-elementor-id=\"610\" class=\"elementor elementor-610\" data-elementor-post-type=\"page\">\n\t\t\t\t<div class=\"elementor-element elementor-element-c038a50 e-flex e-con-boxed e-con e-parent\" data-id=\"c038a50\" data-element_type=\"container\" data-settings=\"{&quot;background_background&quot;:&quot;classic&quot;}\">\n\t\t\t\t\t<div class=\"e-con-inner\">\n\t\t\t\t<div class=\"elementor-element elementor-element-8368733 elementor-widget elementor-widget-heading\" data-id=\"8368733\" data-element_type=\"widget\" data-widget_type=\"heading.default\">\n\t\t\t\t<div class=\"elementor-widget-container\">\n\t\t\t<style>\/*! elementor - v3.21.0 - 26-05-2024 *\/\n.elementor-heading-title{padding:0;margin:0;line-height:1}.elementor-widget-heading .elementor-heading-title[class*=elementor-size-]>a{color:inherit;font-size:inherit;line-height:inherit}.elementor-widget-heading .elementor-heading-title.elementor-size-small{font-size:15px}.elementor-widget-heading .elementor-heading-title.elementor-size-medium{font-size:19px}.elementor-widget-heading .elementor-heading-title.elementor-size-large{font-size:29px}.elementor-widget-heading .elementor-heading-title.elementor-size-xl{font-size:39px}.elementor-widget-heading .elementor-heading-title.elementor-size-xxl{font-size:59px}<\/style><h2 class=\"elementor-heading-title elementor-size-default\">Institutional<\/h2>\t\t<\/div>\n\t\t\t\t<\/div>\n\t\t\t\t<div class=\"elementor-element elementor-element-5f8e3df elementor-widget__width-initial elementor-widget-mobile__width-inherit elementor-widget elementor-widget-text-editor\" data-id=\"5f8e3df\" data-element_type=\"widget\" data-widget_type=\"text-editor.default\">\n\t\t\t\t<div class=\"elementor-widget-container\">\n\t\t\t<style>\/*! elementor - v3.21.0 - 26-05-2024 *\/\n.elementor-widget-text-editor.elementor-drop-cap-view-stacked .elementor-drop-cap{background-color:#69727d;color:#fff}.elementor-widget-text-editor.elementor-drop-cap-view-framed .elementor-drop-cap{color:#69727d;border:3px solid;background-color:transparent}.elementor-widget-text-editor:not(.elementor-drop-cap-view-default) .elementor-drop-cap{margin-top:8px}.elementor-widget-text-editor:not(.elementor-drop-cap-view-default) .elementor-drop-cap-letter{width:1em;height:1em}.elementor-widget-text-editor .elementor-drop-cap{float:left;text-align:center;line-height:1;font-size:50px}.elementor-widget-text-editor .elementor-drop-cap-letter{display:inline-block}<\/style>\t\t\t\t<p>ANBBE, Brazilian Association of Foreign Brokers, is made up of a robust organizational structure that ensures effective governance and self-regulation of foreign brokers in Brazil. The association is governed by its Deliberative Council, Executive Board, Ethics Committee and Self-Regulation Committees. Each body has specific duties to ensure regulatory compliance, market integrity and investor protection. The Executive Board, led by the Chief Executive Officer, is responsible for general administration, while the Deliberative Council defines strategic guidelines. The Ethics Committee ensures compliance with ethical standards, and the Self-Regulation Committees ensure the application of the rules established by the association.<\/p>\t\t\t\t\t\t<\/div>\n\t\t\t\t<\/div>\n\t\t\t\t\t<\/div>\n\t\t\t\t<\/div>\n\t\t<div class=\"elementor-element elementor-element-943ab24 e-con-full e-flex e-con e-parent\" data-id=\"943ab24\" data-element_type=\"container\">\n\t\t<div class=\"elementor-element elementor-element-025c609 e-con-full e-flex e-con e-child\" data-id=\"025c609\" data-element_type=\"container\" data-settings=\"{&quot;background_background&quot;:&quot;classic&quot;}\">\n\t\t\t\t<\/div>\n\t\t<div class=\"elementor-element elementor-element-1fe7c0a e-con-full e-flex e-con e-child\" data-id=\"1fe7c0a\" data-element_type=\"container\" data-settings=\"{&quot;background_background&quot;:&quot;classic&quot;}\">\n\t\t\t\t<\/div>\n\t\t<div class=\"elementor-element elementor-element-ce40993 e-con-full e-flex e-con e-child\" data-id=\"ce40993\" data-element_type=\"container\" data-settings=\"{&quot;background_background&quot;:&quot;classic&quot;}\">\n\t\t\t\t<\/div>\n\t\t\t\t<\/div>\n\t\t<div class=\"elementor-element elementor-element-48bbcb3 elementor-hidden-desktop elementor-hidden-tablet elementor-hidden-mobile e-flex e-con-boxed e-con e-parent\" data-id=\"48bbcb3\" data-element_type=\"container\" data-settings=\"{&quot;background_background&quot;:&quot;classic&quot;}\">\n\t\t\t\t\t<div class=\"e-con-inner\">\n\t\t\t\t<div class=\"elementor-element elementor-element-e42b2ae elementor-widget elementor-widget-heading\" data-id=\"e42b2ae\" data-element_type=\"widget\" data-widget_type=\"heading.default\">\n\t\t\t\t<div class=\"elementor-widget-container\">\n\t\t\t<h2 class=\"elementor-heading-title elementor-size-default\">Assembly<\/h2>\t\t<\/div>\n\t\t\t\t<\/div>\n\t\t\t\t<div class=\"elementor-element elementor-element-74f7eef elementor-pagination-position-outside elementor-widget elementor-widget-image-carousel\" data-id=\"74f7eef\" data-element_type=\"widget\" data-settings=\"{&quot;navigation&quot;:&quot;dots&quot;,&quot;autoplay&quot;:&quot;yes&quot;,&quot;pause_on_hover&quot;:&quot;yes&quot;,&quot;pause_on_interaction&quot;:&quot;yes&quot;,&quot;autoplay_speed&quot;:5000,&quot;infinite&quot;:&quot;yes&quot;,&quot;speed&quot;:500}\" data-widget_type=\"image-carousel.default\">\n\t\t\t\t<div class=\"elementor-widget-container\">\n\t\t\t<style>\/*! elementor - v3.21.0 - 26-05-2024 *\/\n.elementor-widget-image-carousel .swiper,.elementor-widget-image-carousel .swiper-container{position:static}.elementor-widget-image-carousel .swiper-container .swiper-slide figure,.elementor-widget-image-carousel .swiper .swiper-slide figure{line-height:inherit}.elementor-widget-image-carousel .swiper-slide{text-align:center}.elementor-image-carousel-wrapper:not(.swiper-container-initialized):not(.swiper-initialized) .swiper-slide{max-width:calc(100% \/ var(--e-image-carousel-slides-to-show, 3))}<\/style>\t\t<div class=\"elementor-image-carousel-wrapper swiper\" dir=\"ltr\">\n\t\t\t<div class=\"elementor-image-carousel swiper-wrapper\" aria-live=\"off\">\n\t\t\t\t\t\t\t\t<div class=\"swiper-slide\" role=\"group\" aria-roledescription=\"slide\" aria-label=\"1 of 5\"><figure class=\"swiper-slide-inner\"><img decoding=\"async\" class=\"swiper-slide-image\" src=\"https:\/\/anbbe.com.br\/wp-content\/uploads\/2024\/06\/1688364329amazon-logo-png-white-1-1.png\" alt=\"1688364329amazon-logo-png-white 1 (1)\" \/><\/figure><\/div><div class=\"swiper-slide\" role=\"group\" aria-roledescription=\"slide\" aria-label=\"2 of 5\"><figure class=\"swiper-slide-inner\"><img decoding=\"async\" class=\"swiper-slide-image\" src=\"https:\/\/anbbe.com.br\/wp-content\/uploads\/2024\/06\/blender_logo_no_socket_white-1.png\" alt=\"blender_logo_no_socket_white 1\" \/><\/figure><\/div><div class=\"swiper-slide\" role=\"group\" aria-roledescription=\"slide\" aria-label=\"3 of 5\"><figure class=\"swiper-slide-inner\"><img decoding=\"async\" class=\"swiper-slide-image\" src=\"https:\/\/anbbe.com.br\/wp-content\/uploads\/2024\/06\/683514c5660dbe52f5ba-1.png\" alt=\"683514c5660dbe52f5ba 1\" \/><\/figure><\/div><div class=\"swiper-slide\" role=\"group\" aria-roledescription=\"slide\" aria-label=\"4 of 5\"><figure class=\"swiper-slide-inner\"><img decoding=\"async\" class=\"swiper-slide-image\" src=\"https:\/\/anbbe.com.br\/wp-content\/uploads\/2024\/06\/Vector-1.png\" alt=\"Vector (1)\" \/><\/figure><\/div><div class=\"swiper-slide\" role=\"group\" aria-roledescription=\"slide\" aria-label=\"5 of 5\"><figure class=\"swiper-slide-inner\"><img decoding=\"async\" class=\"swiper-slide-image\" src=\"https:\/\/anbbe.com.br\/wp-content\/uploads\/2024\/06\/gitlab-logo-400-1.png\" alt=\"gitlab-logo-400 1\" \/><\/figure><\/div>\t\t\t<\/div>\n\t\t\t\t\t\t\t\n\t\t\t\t\t\t\t\t\t<div class=\"swiper-pagination\"><\/div>\n\t\t\t\t\t\t\t\t\t<\/div>\n\t\t\t\t<\/div>\n\t\t\t\t<\/div>\n\t\t\t\t\t<\/div>\n\t\t\t\t<\/div>\n\t\t<div class=\"elementor-element elementor-element-c1ebf98 e-flex e-con-boxed e-con e-parent\" data-id=\"c1ebf98\" data-element_type=\"container\" data-settings=\"{&quot;background_background&quot;:&quot;classic&quot;}\">\n\t\t\t\t\t<div class=\"e-con-inner\">\n\t\t<div class=\"elementor-element elementor-element-5a27ed3 e-flex e-con-boxed e-con e-child\" data-id=\"5a27ed3\" data-element_type=\"container\">\n\t\t\t\t\t<div class=\"e-con-inner\">\n\t\t\t\t<div class=\"elementor-element elementor-element-e35c413 elementor-widget elementor-widget-heading\" data-id=\"e35c413\" data-element_type=\"widget\" data-widget_type=\"heading.default\">\n\t\t\t\t<div class=\"elementor-widget-container\">\n\t\t\t<h2 class=\"elementor-heading-title elementor-size-default\">Executive<\/h2>\t\t<\/div>\n\t\t\t\t<\/div>\n\t\t\t\t<div class=\"elementor-element elementor-element-c6c1154 elementor-widget elementor-widget-heading\" data-id=\"c6c1154\" data-element_type=\"widget\" data-widget_type=\"heading.default\">\n\t\t\t\t<div class=\"elementor-widget-container\">\n\t\t\t<h2 class=\"elementor-heading-title elementor-size-default\">Board<\/h2>\t\t<\/div>\n\t\t\t\t<\/div>\n\t\t\t\t\t<\/div>\n\t\t\t\t<\/div>\n\t\t<div class=\"elementor-element elementor-element-b4d1c9d e-flex e-con-boxed e-con e-child\" data-id=\"b4d1c9d\" data-element_type=\"container\">\n\t\t\t\t\t<div class=\"e-con-inner\">\n\t\t<div class=\"elementor-element elementor-element-efa6360 e-con-full e-flex e-con e-child\" data-id=\"efa6360\" data-element_type=\"container\">\n\t\t\t\t<div class=\"elementor-element elementor-element-97c177c elementor-widget__width-initial elementor-widget elementor-widget-image\" data-id=\"97c177c\" data-element_type=\"widget\" data-widget_type=\"image.default\">\n\t\t\t\t<div class=\"elementor-widget-container\">\n\t\t\t<style>\/*! elementor - v3.21.0 - 26-05-2024 *\/\n.elementor-widget-image{text-align:center}.elementor-widget-image a{display:inline-block}.elementor-widget-image a img[src$=\".svg\"]{width:48px}.elementor-widget-image img{vertical-align:middle;display:inline-block}<\/style>\t\t\t\t\t\t\t\t\t\t<img fetchpriority=\"high\" decoding=\"async\" width=\"800\" height=\"893\" src=\"https:\/\/anbbe.com.br\/wp-content\/uploads\/2024\/06\/MARIANO-FIN-917x1024.png\" class=\"attachment-large size-large wp-image-299\" alt=\"\" srcset=\"https:\/\/anbbe.com.br\/wp-content\/uploads\/2024\/06\/MARIANO-FIN-917x1024.png 917w, https:\/\/anbbe.com.br\/wp-content\/uploads\/2024\/06\/MARIANO-FIN-269x300.png 269w, https:\/\/anbbe.com.br\/wp-content\/uploads\/2024\/06\/MARIANO-FIN-768x858.png 768w, https:\/\/anbbe.com.br\/wp-content\/uploads\/2024\/06\/MARIANO-FIN-1375x1536.png 1375w, https:\/\/anbbe.com.br\/wp-content\/uploads\/2024\/06\/MARIANO-FIN-1834x2048.png 1834w\" sizes=\"(max-width: 800px) 100vw, 800px\" \/>\t\t\t\t\t\t\t\t\t\t\t\t\t<\/div>\n\t\t\t\t<\/div>\n\t\t<div class=\"elementor-element elementor-element-cc2ef23 e-flex e-con-boxed e-con e-child\" data-id=\"cc2ef23\" data-element_type=\"container\">\n\t\t\t\t\t<div class=\"e-con-inner\">\n\t\t\t\t<div class=\"elementor-element elementor-element-4bc6ba4 elementor-widget elementor-widget-heading\" data-id=\"4bc6ba4\" data-element_type=\"widget\" data-widget_type=\"heading.default\">\n\t\t\t\t<div class=\"elementor-widget-container\">\n\t\t\t<h2 class=\"elementor-heading-title elementor-size-default\">Rodrigo Mariano da Rocha<\/h2>\t\t<\/div>\n\t\t\t\t<\/div>\n\t\t\t\t<div class=\"elementor-element elementor-element-d6b72d6 elementor-widget elementor-widget-text-editor\" data-id=\"d6b72d6\" data-element_type=\"widget\" data-widget_type=\"text-editor.default\">\n\t\t\t\t<div class=\"elementor-widget-container\">\n\t\t\t\t\t\t\t<p>CEO<\/p>\t\t\t\t\t\t<\/div>\n\t\t\t\t<\/div>\n\t\t\t\t<div class=\"elementor-element elementor-element-82dc8a6 elementor-widget elementor-widget-text-editor\" data-id=\"82dc8a6\" data-element_type=\"widget\" data-widget_type=\"text-editor.default\">\n\t\t\t\t<div class=\"elementor-widget-container\">\n\t\t\t\t\t\t\t<ul><li>Lawyer by PUCRS.<\/li><li>Specialist in Economic Law (UPFABRA\/ESP).<\/li><li>Specialist in Economic Law (UPFABRA\/ESP).<\/li><li>Guest professor of Postgraduate Studies at Faculdade IMED, UNISINOS and UNISC, teaching modules on Financial and Business Crimes.<\/li><li>Adjunct professor at Est\u00e1cio de S\u00e1 University.<\/li><li>Lawyer for 16 years.<\/li><\/ul>\t\t\t\t\t\t<\/div>\n\t\t\t\t<\/div>\n\t\t\t\t\t<\/div>\n\t\t\t\t<\/div>\n\t\t\t\t<div data-premium-element-link=\"{&quot;type&quot;:&quot;url&quot;,&quot;link&quot;:{&quot;url&quot;:&quot;https:\\\/\\\/www.linkedin.com\\\/in\\\/rodrigo-mariano-da-rocha-regulatorio\\\/&quot;,&quot;is_external&quot;:&quot;&quot;,&quot;nofollow&quot;:&quot;&quot;,&quot;custom_attributes&quot;:&quot;&quot;},&quot;href&quot;:&quot;https:\\\/\\\/www.linkedin.com\\\/in\\\/rodrigo-mariano-da-rocha-regulatorio\\\/&quot;}\" style=\"cursor: pointer\" class=\"elementor-element elementor-element-f130f8a elementor-widget elementor-widget-image\" data-id=\"f130f8a\" data-element_type=\"widget\" data-widget_type=\"image.default\">\n\t\t\t\t<div class=\"elementor-widget-container\">\n\t\t\t\t\t\t\t\t\t\t\t\t\t<img decoding=\"async\" width=\"80\" height=\"21\" src=\"https:\/\/anbbe.com.br\/wp-content\/uploads\/2024\/06\/linkedin-1-6.png\" class=\"attachment-large size-large wp-image-119\" alt=\"\" \/>\t\t\t\t\t\t\t\t\t\t\t\t\t<\/div>\n\t\t\t\t<\/div>\n\t\t\t\t<\/div>\n\t\t<div class=\"elementor-element elementor-element-cb69206 e-con-full e-flex e-con e-child\" data-id=\"cb69206\" data-element_type=\"container\">\n\t\t\t\t<div class=\"elementor-element elementor-element-1415c90 elementor-widget__width-initial elementor-widget elementor-widget-image\" data-id=\"1415c90\" data-element_type=\"widget\" data-widget_type=\"image.default\">\n\t\t\t\t<div class=\"elementor-widget-container\">\n\t\t\t\t\t\t\t\t\t\t\t\t\t<img decoding=\"async\" width=\"800\" height=\"893\" src=\"https:\/\/anbbe.com.br\/wp-content\/uploads\/2024\/06\/MARLON-FIN-917x1024.png\" class=\"attachment-large size-large wp-image-300\" alt=\"\" srcset=\"https:\/\/anbbe.com.br\/wp-content\/uploads\/2024\/06\/MARLON-FIN-917x1024.png 917w, https:\/\/anbbe.com.br\/wp-content\/uploads\/2024\/06\/MARLON-FIN-269x300.png 269w, https:\/\/anbbe.com.br\/wp-content\/uploads\/2024\/06\/MARLON-FIN-768x858.png 768w, https:\/\/anbbe.com.br\/wp-content\/uploads\/2024\/06\/MARLON-FIN-1375x1536.png 1375w, https:\/\/anbbe.com.br\/wp-content\/uploads\/2024\/06\/MARLON-FIN-1834x2048.png 1834w\" sizes=\"(max-width: 800px) 100vw, 800px\" \/>\t\t\t\t\t\t\t\t\t\t\t\t\t<\/div>\n\t\t\t\t<\/div>\n\t\t<div class=\"elementor-element elementor-element-b29a47c e-flex e-con-boxed e-con e-child\" data-id=\"b29a47c\" data-element_type=\"container\">\n\t\t\t\t\t<div class=\"e-con-inner\">\n\t\t\t\t<div class=\"elementor-element elementor-element-de0fc8c elementor-widget elementor-widget-heading\" data-id=\"de0fc8c\" data-element_type=\"widget\" data-widget_type=\"heading.default\">\n\t\t\t\t<div class=\"elementor-widget-container\">\n\t\t\t<h2 class=\"elementor-heading-title elementor-size-default\">Marlon Faust<\/h2>\t\t<\/div>\n\t\t\t\t<\/div>\n\t\t\t\t<div class=\"elementor-element elementor-element-bbd427a elementor-widget elementor-widget-text-editor\" data-id=\"bbd427a\" data-element_type=\"widget\" data-widget_type=\"text-editor.default\">\n\t\t\t\t<div class=\"elementor-widget-container\">\n\t\t\t\t\t\t\t<p>Vice President<\/p>\t\t\t\t\t\t<\/div>\n\t\t\t\t<\/div>\n\t\t\t\t<div class=\"elementor-element elementor-element-850f05c elementor-widget elementor-widget-text-editor\" data-id=\"850f05c\" data-element_type=\"widget\" data-widget_type=\"text-editor.default\">\n\t\t\t\t<div class=\"elementor-widget-container\">\n\t\t\t\t\t\t\t<ul><li>Economist from UNIOESTE.<\/li><li>Resource Manager qualified by the CVM.<\/li><li>He has CGA, CGE, CEA and Qualified Services certifications, issued by ANBIMA.<\/li><li>PQO\/B3 in Compliance and Risk.<\/li><li>He worked in the treasury department of a Credit Union.<\/li><li>Former Director of Asset Management, accredited the company with the CVM.<\/li><li>Strong performance in Financial Market regulation.<\/li><\/ul>\t\t\t\t\t\t<\/div>\n\t\t\t\t<\/div>\n\t\t\t\t\t<\/div>\n\t\t\t\t<\/div>\n\t\t\t\t<div data-premium-element-link=\"{&quot;type&quot;:&quot;url&quot;,&quot;link&quot;:{&quot;url&quot;:&quot;https:\\\/\\\/www.linkedin.com\\\/in\\\/marlon-faust&quot;,&quot;is_external&quot;:&quot;&quot;,&quot;nofollow&quot;:&quot;&quot;,&quot;custom_attributes&quot;:&quot;&quot;},&quot;href&quot;:&quot;https:\\\/\\\/www.linkedin.com\\\/in\\\/marlon-faust&quot;}\" style=\"cursor: pointer\" class=\"elementor-element elementor-element-d023d3d elementor-widget elementor-widget-image\" data-id=\"d023d3d\" data-element_type=\"widget\" data-widget_type=\"image.default\">\n\t\t\t\t<div class=\"elementor-widget-container\">\n\t\t\t\t\t\t\t\t\t\t\t\t\t<img decoding=\"async\" width=\"80\" height=\"21\" src=\"https:\/\/anbbe.com.br\/wp-content\/uploads\/2024\/06\/linkedin-1-6.png\" class=\"attachment-large size-large wp-image-119\" alt=\"\" \/>\t\t\t\t\t\t\t\t\t\t\t\t\t<\/div>\n\t\t\t\t<\/div>\n\t\t\t\t<\/div>\n\t\t\t\t\t<\/div>\n\t\t\t\t<\/div>\n\t\t<div class=\"elementor-element elementor-element-ff6259f e-flex e-con-boxed e-con e-child\" data-id=\"ff6259f\" data-element_type=\"container\">\n\t\t\t\t\t<div class=\"e-con-inner\">\n\t\t<div class=\"elementor-element elementor-element-9d80f04 e-con-full e-flex e-con e-child\" data-id=\"9d80f04\" data-element_type=\"container\">\n\t\t\t\t<div class=\"elementor-element elementor-element-80babee elementor-widget__width-initial elementor-widget elementor-widget-image\" data-id=\"80babee\" data-element_type=\"widget\" data-widget_type=\"image.default\">\n\t\t\t\t<div class=\"elementor-widget-container\">\n\t\t\t\t\t\t\t\t\t\t\t\t\t<img loading=\"lazy\" decoding=\"async\" width=\"800\" height=\"893\" src=\"https:\/\/anbbe.com.br\/wp-content\/uploads\/2024\/06\/HENRIQUE-FIN-917x1024.png\" class=\"attachment-large size-large wp-image-298\" alt=\"\" srcset=\"https:\/\/anbbe.com.br\/wp-content\/uploads\/2024\/06\/HENRIQUE-FIN-917x1024.png 917w, https:\/\/anbbe.com.br\/wp-content\/uploads\/2024\/06\/HENRIQUE-FIN-269x300.png 269w, https:\/\/anbbe.com.br\/wp-content\/uploads\/2024\/06\/HENRIQUE-FIN-768x858.png 768w, https:\/\/anbbe.com.br\/wp-content\/uploads\/2024\/06\/HENRIQUE-FIN-1375x1536.png 1375w, https:\/\/anbbe.com.br\/wp-content\/uploads\/2024\/06\/HENRIQUE-FIN-1834x2048.png 1834w\" sizes=\"(max-width: 800px) 100vw, 800px\" \/>\t\t\t\t\t\t\t\t\t\t\t\t\t<\/div>\n\t\t\t\t<\/div>\n\t\t<div class=\"elementor-element elementor-element-90fed11 e-flex e-con-boxed e-con e-child\" data-id=\"90fed11\" data-element_type=\"container\">\n\t\t\t\t\t<div class=\"e-con-inner\">\n\t\t\t\t<div class=\"elementor-element elementor-element-fc78b3d elementor-widget elementor-widget-heading\" data-id=\"fc78b3d\" data-element_type=\"widget\" data-widget_type=\"heading.default\">\n\t\t\t\t<div class=\"elementor-widget-container\">\n\t\t\t<h2 class=\"elementor-heading-title elementor-size-default\">Henrique Conte<\/h2>\t\t<\/div>\n\t\t\t\t<\/div>\n\t\t\t\t<div class=\"elementor-element elementor-element-628c281 elementor-widget elementor-widget-text-editor\" data-id=\"628c281\" data-element_type=\"widget\" data-widget_type=\"text-editor.default\">\n\t\t\t\t<div class=\"elementor-widget-container\">\n\t\t\t\t\t\t\t<p>Communications and Marketing Director<\/p>\t\t\t\t\t\t<\/div>\n\t\t\t\t<\/div>\n\t\t\t\t<div class=\"elementor-element elementor-element-dcc5108 elementor-widget elementor-widget-text-editor\" data-id=\"dcc5108\" data-element_type=\"widget\" data-widget_type=\"text-editor.default\">\n\t\t\t\t<div class=\"elementor-widget-container\">\n\t\t\t\t\t\t\t<ul><li>Engineer by UEM. <\/li><li>He has CGA and CGE certifications issued by ANBIMA. <\/li><li>Data scientist and digital product manager. <\/li><li>Extensive experience in the regulated capital market. <\/li><li>Experience in developing digital blockchain and tokenization solutions.<\/li><\/ul>\t\t\t\t\t\t<\/div>\n\t\t\t\t<\/div>\n\t\t\t\t\t<\/div>\n\t\t\t\t<\/div>\n\t\t\t\t<div data-premium-element-link=\"{&quot;type&quot;:&quot;url&quot;,&quot;link&quot;:{&quot;url&quot;:&quot;https:\\\/\\\/www.linkedin.com\\\/in\\\/henriqueconte\\\/&quot;,&quot;is_external&quot;:&quot;&quot;,&quot;nofollow&quot;:&quot;&quot;,&quot;custom_attributes&quot;:&quot;&quot;},&quot;href&quot;:&quot;https:\\\/\\\/www.linkedin.com\\\/in\\\/henriqueconte\\\/&quot;}\" style=\"cursor: pointer\" class=\"elementor-element elementor-element-4dc05fe elementor-widget elementor-widget-image\" data-id=\"4dc05fe\" data-element_type=\"widget\" data-widget_type=\"image.default\">\n\t\t\t\t<div class=\"elementor-widget-container\">\n\t\t\t\t\t\t\t\t\t\t\t\t\t<img decoding=\"async\" width=\"80\" height=\"21\" src=\"https:\/\/anbbe.com.br\/wp-content\/uploads\/2024\/06\/linkedin-1-6.png\" class=\"attachment-large size-large wp-image-119\" alt=\"\" \/>\t\t\t\t\t\t\t\t\t\t\t\t\t<\/div>\n\t\t\t\t<\/div>\n\t\t\t\t<\/div>\n\t\t<div class=\"elementor-element elementor-element-a49dd31 e-con-full e-flex e-con e-child\" data-id=\"a49dd31\" data-element_type=\"container\">\n\t\t\t\t<div class=\"elementor-element elementor-element-7c92b24 elementor-widget__width-initial elementor-widget elementor-widget-image\" data-id=\"7c92b24\" data-element_type=\"widget\" data-widget_type=\"image.default\">\n\t\t\t\t<div class=\"elementor-widget-container\">\n\t\t\t\t\t\t\t\t\t\t\t\t\t<img loading=\"lazy\" decoding=\"async\" width=\"800\" height=\"893\" src=\"https:\/\/anbbe.com.br\/wp-content\/uploads\/2024\/06\/RAFAEL-FIN-917x1024.png\" class=\"attachment-large size-large wp-image-301\" alt=\"\" srcset=\"https:\/\/anbbe.com.br\/wp-content\/uploads\/2024\/06\/RAFAEL-FIN-917x1024.png 917w, https:\/\/anbbe.com.br\/wp-content\/uploads\/2024\/06\/RAFAEL-FIN-269x300.png 269w, https:\/\/anbbe.com.br\/wp-content\/uploads\/2024\/06\/RAFAEL-FIN-768x858.png 768w, https:\/\/anbbe.com.br\/wp-content\/uploads\/2024\/06\/RAFAEL-FIN-1375x1536.png 1375w, https:\/\/anbbe.com.br\/wp-content\/uploads\/2024\/06\/RAFAEL-FIN-1834x2048.png 1834w\" sizes=\"(max-width: 800px) 100vw, 800px\" \/>\t\t\t\t\t\t\t\t\t\t\t\t\t<\/div>\n\t\t\t\t<\/div>\n\t\t<div class=\"elementor-element elementor-element-cddc946 e-flex e-con-boxed e-con e-child\" data-id=\"cddc946\" data-element_type=\"container\">\n\t\t\t\t\t<div class=\"e-con-inner\">\n\t\t\t\t<div class=\"elementor-element elementor-element-57083ca elementor-widget elementor-widget-heading\" data-id=\"57083ca\" data-element_type=\"widget\" data-widget_type=\"heading.default\">\n\t\t\t\t<div class=\"elementor-widget-container\">\n\t\t\t<h2 class=\"elementor-heading-title elementor-size-default\">Rafael Campara<\/h2>\t\t<\/div>\n\t\t\t\t<\/div>\n\t\t\t\t<div class=\"elementor-element elementor-element-a68a603 elementor-widget elementor-widget-text-editor\" data-id=\"a68a603\" data-element_type=\"widget\" data-widget_type=\"text-editor.default\">\n\t\t\t\t<div class=\"elementor-widget-container\">\n\t\t\t\t\t\t\t<p>Director of Institutional Relations<\/p>\t\t\t\t\t\t<\/div>\n\t\t\t\t<\/div>\n\t\t\t\t<div class=\"elementor-element elementor-element-0ec5d5f elementor-widget elementor-widget-text-editor\" data-id=\"0ec5d5f\" data-element_type=\"widget\" data-widget_type=\"text-editor.default\">\n\t\t\t\t<div class=\"elementor-widget-container\">\n\t\t\t\t\t\t\t<ul><li>Lawyer by UFN.<\/li><li>Specialist in Tax Law from PUC\/RS, with additional certification in Legal Tech and Digital Law.<\/li><li>Specialist in Corporate Law in the New Economy.<\/li><li>Postgraduate student in Business Law at Unisinos.<\/li><\/ul>\t\t\t\t\t\t<\/div>\n\t\t\t\t<\/div>\n\t\t\t\t\t<\/div>\n\t\t\t\t<\/div>\n\t\t\t\t<div data-premium-element-link=\"{&quot;type&quot;:&quot;url&quot;,&quot;link&quot;:{&quot;url&quot;:&quot;https:\\\/\\\/www.linkedin.com\\\/in\\\/rafael-della-pace-campara-6b1525251\\\/&quot;,&quot;is_external&quot;:&quot;&quot;,&quot;nofollow&quot;:&quot;&quot;,&quot;custom_attributes&quot;:&quot;&quot;},&quot;href&quot;:&quot;https:\\\/\\\/www.linkedin.com\\\/in\\\/rafael-della-pace-campara-6b1525251\\\/&quot;}\" style=\"cursor: pointer\" class=\"elementor-element elementor-element-2faf150 elementor-widget elementor-widget-image\" data-id=\"2faf150\" data-element_type=\"widget\" data-widget_type=\"image.default\">\n\t\t\t\t<div class=\"elementor-widget-container\">\n\t\t\t\t\t\t\t\t\t\t\t\t\t<img decoding=\"async\" width=\"80\" height=\"21\" src=\"https:\/\/anbbe.com.br\/wp-content\/uploads\/2024\/06\/linkedin-1-6.png\" class=\"attachment-large size-large wp-image-119\" alt=\"\" \/>\t\t\t\t\t\t\t\t\t\t\t\t\t<\/div>\n\t\t\t\t<\/div>\n\t\t\t\t<\/div>\n\t\t\t\t\t<\/div>\n\t\t\t\t<\/div>\n\t\t\t\t\t<\/div>\n\t\t\t\t<\/div>\n\t\t\t\t<\/div>","protected":false},"excerpt":{"rendered":"<p>Institucional A ANBBE, Associa\u00e7\u00e3o Brasileira dos Brokers Estrangeiros, \u00e9 composta por uma estrutura organizacional robusta que assegura a governan\u00e7a eficaz e a autorregula\u00e7\u00e3o dos brokers estrangeiros no Brasil. A associa\u00e7\u00e3o \u00e9 regida por seu Conselho Deliberativo, Diretoria Executiva, Comit\u00ea de \u00c9tica e Comit\u00eas de Autorregula\u00e7\u00e3o. Cada \u00f3rg\u00e3o possui atribui\u00e7\u00f5es espec\u00edficas para garantir a conformidade regulat\u00f3ria, [&hellip;]<\/p>","protected":false},"author":1,"featured_media":0,"parent":0,"menu_order":0,"comment_status":"closed","ping_status":"closed","template":"elementor_header_footer","meta":{"footnotes":""},"_links":{"self":[{"href":"https:\/\/anbbe.com.br\/en\/wp-json\/wp\/v2\/pages\/610"}],"collection":[{"href":"https:\/\/anbbe.com.br\/en\/wp-json\/wp\/v2\/pages"}],"about":[{"href":"https:\/\/anbbe.com.br\/en\/wp-json\/wp\/v2\/types\/page"}],"author":[{"embeddable":true,"href":"https:\/\/anbbe.com.br\/en\/wp-json\/wp\/v2\/users\/1"}],"replies":[{"embeddable":true,"href":"https:\/\/anbbe.com.br\/en\/wp-json\/wp\/v2\/comments?post=610"}],"version-history":[{"count":2,"href":"https:\/\/anbbe.com.br\/en\/wp-json\/wp\/v2\/pages\/610\/revisions"}],"predecessor-version":[{"id":612,"href":"https:\/\/anbbe.com.br\/en\/wp-json\/wp\/v2\/pages\/610\/revisions\/612"}],"wp:attachment":[{"href":"https:\/\/anbbe.com.br\/en\/wp-json\/wp\/v2\/media?parent=610"}],"curies":[{"name":"wp","href":"https:\/\/api.w.org\/{rel}","templated":true}]}}