{"id":242,"date":"2024-06-27T14:45:42","date_gmt":"2024-06-27T17:45:42","guid":{"rendered":"https:\/\/anbbe.com.br\/?page_id=242"},"modified":"2024-07-18T11:24:44","modified_gmt":"2024-07-18T14:24:44","slug":"documentos","status":"publish","type":"page","link":"https:\/\/anbbe.com.br\/en\/documentos\/","title":{"rendered":"Documents"},"content":{"rendered":"<div data-elementor-type=\"wp-page\" data-elementor-id=\"242\" class=\"elementor elementor-242\" data-elementor-post-type=\"page\">\n\t\t\t\t<div class=\"elementor-element elementor-element-4bc3703 e-flex e-con-boxed e-con e-parent\" data-id=\"4bc3703\" data-element_type=\"container\" data-settings=\"{&quot;background_background&quot;:&quot;classic&quot;}\">\n\t\t\t\t\t<div class=\"e-con-inner\">\n\t\t<div class=\"elementor-element elementor-element-667d057 e-con-full e-flex e-con e-child\" data-id=\"667d057\" data-element_type=\"container\" data-settings=\"{&quot;background_background&quot;:&quot;classic&quot;}\">\n\t\t\t\t<div class=\"elementor-element elementor-element-5ddfe13 elementor-widget elementor-widget-heading\" data-id=\"5ddfe13\" data-element_type=\"widget\" data-widget_type=\"heading.default\">\n\t\t\t\t<div class=\"elementor-widget-container\">\n\t\t\t<style>\/*! elementor - v3.21.0 - 26-05-2024 *\/\n.elementor-heading-title{padding:0;margin:0;line-height:1}.elementor-widget-heading .elementor-heading-title[class*=elementor-size-]>a{color:inherit;font-size:inherit;line-height:inherit}.elementor-widget-heading .elementor-heading-title.elementor-size-small{font-size:15px}.elementor-widget-heading .elementor-heading-title.elementor-size-medium{font-size:19px}.elementor-widget-heading .elementor-heading-title.elementor-size-large{font-size:29px}.elementor-widget-heading .elementor-heading-title.elementor-size-xl{font-size:39px}.elementor-widget-heading .elementor-heading-title.elementor-size-xxl{font-size:59px}<\/style><h2 class=\"elementor-heading-title elementor-size-default\">ANBBE Foundation Manifest in Brazilian Portuguese<\/h2>\t\t<\/div>\n\t\t\t\t<\/div>\n\t\t\t\t<div class=\"elementor-element elementor-element-a4b565e elementor-widget__width-initial elementor-widget elementor-widget-image\" data-id=\"a4b565e\" data-element_type=\"widget\" data-widget_type=\"image.default\">\n\t\t\t\t<div class=\"elementor-widget-container\">\n\t\t\t<style>\/*! elementor - v3.21.0 - 26-05-2024 *\/\n.elementor-widget-image{text-align:center}.elementor-widget-image a{display:inline-block}.elementor-widget-image a img[src$=\".svg\"]{width:48px}.elementor-widget-image img{vertical-align:middle;display:inline-block}<\/style>\t\t\t\t\t\t\t\t\t\t<img fetchpriority=\"high\" decoding=\"async\" width=\"556\" height=\"789\" src=\"https:\/\/anbbe.com.br\/wp-content\/uploads\/2024\/06\/MANIFESTO-DE-FUNDACAO-ANBBE-BR.png\" class=\"attachment-large size-large wp-image-245\" alt=\"\" srcset=\"https:\/\/anbbe.com.br\/wp-content\/uploads\/2024\/06\/MANIFESTO-DE-FUNDACAO-ANBBE-BR.png 556w, https:\/\/anbbe.com.br\/wp-content\/uploads\/2024\/06\/MANIFESTO-DE-FUNDACAO-ANBBE-BR-211x300.png 211w\" sizes=\"(max-width: 556px) 100vw, 556px\" \/>\t\t\t\t\t\t\t\t\t\t\t\t\t<\/div>\n\t\t\t\t<\/div>\n\t\t\t\t<div class=\"elementor-element elementor-element-adf9712 elementor-align-center elementor-widget elementor-widget-button\" data-id=\"adf9712\" data-element_type=\"widget\" data-widget_type=\"button.default\">\n\t\t\t\t<div class=\"elementor-widget-container\">\n\t\t\t\t\t<div class=\"elementor-button-wrapper\">\n\t\t\t<a class=\"elementor-button elementor-button-link elementor-size-sm\" href=\"https:\/\/anbbe.com.br\/wp-content\/uploads\/2024\/06\/EBook-MANIFESTO-DE-FUNDACAO-portugues.pdf\" target=\"_blank\">\n\t\t\t\t\t\t<span class=\"elementor-button-content-wrapper\">\n\t\t\t\t\t\t\t\t\t<span class=\"elementor-button-text\">Download<\/span>\n\t\t\t\t\t<\/span>\n\t\t\t\t\t<\/a>\n\t\t<\/div>\n\t\t\t\t<\/div>\n\t\t\t\t<\/div>\n\t\t\t\t<\/div>\n\t\t<div class=\"elementor-element elementor-element-aef7cd4 e-con-full e-flex e-con e-child\" data-id=\"aef7cd4\" data-element_type=\"container\" data-settings=\"{&quot;background_background&quot;:&quot;classic&quot;}\">\n\t\t\t\t<div class=\"elementor-element elementor-element-a4789c9 elementor-widget elementor-widget-heading\" data-id=\"a4789c9\" data-element_type=\"widget\" data-widget_type=\"heading.default\">\n\t\t\t\t<div class=\"elementor-widget-container\">\n\t\t\t<h2 class=\"elementor-heading-title elementor-size-default\">ANBBE Founding Manifesto English version<\/h2>\t\t<\/div>\n\t\t\t\t<\/div>\n\t\t\t\t<div class=\"elementor-element elementor-element-10dd7a3 elementor-widget__width-initial elementor-widget elementor-widget-image\" data-id=\"10dd7a3\" data-element_type=\"widget\" data-widget_type=\"image.default\">\n\t\t\t\t<div class=\"elementor-widget-container\">\n\t\t\t\t\t\t\t\t\t\t\t\t\t<img decoding=\"async\" width=\"556\" height=\"786\" src=\"https:\/\/anbbe.com.br\/wp-content\/uploads\/2024\/07\/capa-manifesto.png\" class=\"attachment-large size-large wp-image-680\" alt=\"\" srcset=\"https:\/\/anbbe.com.br\/wp-content\/uploads\/2024\/07\/capa-manifesto.png 556w, https:\/\/anbbe.com.br\/wp-content\/uploads\/2024\/07\/capa-manifesto-212x300.png 212w, https:\/\/anbbe.com.br\/wp-content\/uploads\/2024\/07\/capa-manifesto-8x12.png 8w\" sizes=\"(max-width: 556px) 100vw, 556px\" \/>\t\t\t\t\t\t\t\t\t\t\t\t\t<\/div>\n\t\t\t\t<\/div>\n\t\t\t\t<div class=\"elementor-element elementor-element-7864bf9 elementor-align-center elementor-widget elementor-widget-button\" data-id=\"7864bf9\" data-element_type=\"widget\" data-widget_type=\"button.default\">\n\t\t\t\t<div class=\"elementor-widget-container\">\n\t\t\t\t\t<div class=\"elementor-button-wrapper\">\n\t\t\t<a class=\"elementor-button elementor-button-link elementor-size-sm\" href=\"https:\/\/anbbe.com.br\/wp-content\/uploads\/2024\/07\/EBook-MANIFESTO-DE-FUNDACAO-english.pdf\" target=\"_blank\">\n\t\t\t\t\t\t<span class=\"elementor-button-content-wrapper\">\n\t\t\t\t\t\t\t\t\t<span class=\"elementor-button-text\">Download<\/span>\n\t\t\t\t\t<\/span>\n\t\t\t\t\t<\/a>\n\t\t<\/div>\n\t\t\t\t<\/div>\n\t\t\t\t<\/div>\n\t\t\t\t<\/div>\n\t\t\t\t\t<\/div>\n\t\t\t\t<\/div>\n\t\t<div class=\"elementor-element elementor-element-cdb688d elementor-hidden-desktop elementor-hidden-tablet elementor-hidden-mobile e-flex e-con-boxed e-con e-parent\" data-id=\"cdb688d\" data-element_type=\"container\" data-settings=\"{&quot;background_background&quot;:&quot;classic&quot;}\">\n\t\t\t\t\t<div class=\"e-con-inner\">\n\t\t<div class=\"elementor-element elementor-element-c9b9d53 e-con-full e-flex e-con e-child\" data-id=\"c9b9d53\" data-element_type=\"container\" data-settings=\"{&quot;background_background&quot;:&quot;classic&quot;}\">\n\t\t\t\t<div class=\"elementor-element elementor-element-c6e9838 elementor-widget elementor-widget-heading\" data-id=\"c6e9838\" data-element_type=\"widget\" data-widget_type=\"heading.default\">\n\t\t\t\t<div class=\"elementor-widget-container\">\n\t\t\t<h2 class=\"elementor-heading-title elementor-size-default\">ANBBE Statute<\/h2>\t\t<\/div>\n\t\t\t\t<\/div>\n\t\t\t\t<div class=\"elementor-element elementor-element-44b7949 elementor-widget__width-initial elementor-widget elementor-widget-image\" data-id=\"44b7949\" data-element_type=\"widget\" data-widget_type=\"image.default\">\n\t\t\t\t<div class=\"elementor-widget-container\">\n\t\t\t\t\t\t\t\t\t\t\t\t\t<img decoding=\"async\" width=\"758\" height=\"1024\" src=\"https:\/\/anbbe.com.br\/wp-content\/uploads\/2024\/06\/Estatuto-758x1024.png\" class=\"attachment-large size-large wp-image-434\" alt=\"\" srcset=\"https:\/\/anbbe.com.br\/wp-content\/uploads\/2024\/06\/Estatuto-758x1024.png 758w, https:\/\/anbbe.com.br\/wp-content\/uploads\/2024\/06\/Estatuto-222x300.png 222w, https:\/\/anbbe.com.br\/wp-content\/uploads\/2024\/06\/Estatuto-768x1037.png 768w, https:\/\/anbbe.com.br\/wp-content\/uploads\/2024\/06\/Estatuto.png 796w\" sizes=\"(max-width: 758px) 100vw, 758px\" \/>\t\t\t\t\t\t\t\t\t\t\t\t\t<\/div>\n\t\t\t\t<\/div>\n\t\t\t\t<div class=\"elementor-element elementor-element-ac6f365 elementor-align-center elementor-widget elementor-widget-button\" data-id=\"ac6f365\" data-element_type=\"widget\" data-widget_type=\"button.default\">\n\t\t\t\t<div class=\"elementor-widget-container\">\n\t\t\t\t\t<div class=\"elementor-button-wrapper\">\n\t\t\t<a class=\"elementor-button elementor-button-link elementor-size-sm\" href=\"https:\/\/anbbe.com.br\/wp-content\/uploads\/2024\/06\/Estatuto-ANBBE-2706.pdf\" target=\"_blank\">\n\t\t\t\t\t\t<span class=\"elementor-button-content-wrapper\">\n\t\t\t\t\t\t\t\t\t<span class=\"elementor-button-text\">Download<\/span>\n\t\t\t\t\t<\/span>\n\t\t\t\t\t<\/a>\n\t\t<\/div>\n\t\t\t\t<\/div>\n\t\t\t\t<\/div>\n\t\t\t\t<\/div>\n\t\t\t\t\t<\/div>\n\t\t\t\t<\/div>\n\t\t\t\t<\/div>","protected":false},"excerpt":{"rendered":"<p>Manifesto de Funda\u00e7\u00e3o ANBBE em Portugu\u00eas do Brasil Baixar ANBBE Founding Manifesto English version Download Estatuto ANBBE Baixar<\/p>","protected":false},"author":1,"featured_media":0,"parent":0,"menu_order":0,"comment_status":"closed","ping_status":"closed","template":"elementor_header_footer","meta":{"footnotes":""},"_links":{"self":[{"href":"https:\/\/anbbe.com.br\/en\/wp-json\/wp\/v2\/pages\/242"}],"collection":[{"href":"https:\/\/anbbe.com.br\/en\/wp-json\/wp\/v2\/pages"}],"about":[{"href":"https:\/\/anbbe.com.br\/en\/wp-json\/wp\/v2\/types\/page"}],"author":[{"embeddable":true,"href":"https:\/\/anbbe.com.br\/en\/wp-json\/wp\/v2\/users\/1"}],"replies":[{"embeddable":true,"href":"https:\/\/anbbe.com.br\/en\/wp-json\/wp\/v2\/comments?post=242"}],"version-history":[{"count":47,"href":"https:\/\/anbbe.com.br\/en\/wp-json\/wp\/v2\/pages\/242\/revisions"}],"predecessor-version":[{"id":687,"href":"https:\/\/anbbe.com.br\/en\/wp-json\/wp\/v2\/pages\/242\/revisions\/687"}],"wp:attachment":[{"href":"https:\/\/anbbe.com.br\/en\/wp-json\/wp\/v2\/media?parent=242"}],"curies":[{"name":"wp","href":"https:\/\/api.w.org\/{rel}","templated":true}]}}